{"id":73216,"date":"2021-08-18T15:38:56","date_gmt":"2021-08-18T12:38:56","guid":{"rendered":"https:\/\/www.kidia.fi\/tuote\/lahjakortti\/"},"modified":"2025-06-20T07:00:17","modified_gmt":"2025-06-20T04:00:17","slug":"gift-voucher","status":"publish","type":"product","link":"https:\/\/www.kidia.fi\/en\/product\/gift-voucher\/","title":{"rendered":"Gift voucher"},"content":{"rendered":"<h3>Give the gift of recycled finds<\/h3>\n<p>The Kidia second hand gift card is a great gift for someone who appreciates recycled finds. The recipient can use the gift card to choose products from Kidia's ever-changing selection that they need and want. Kidia's selection includes clothes, accessories, shoes and much more! Our stores have both children's and adult second hand departments, as well as a toy department.<\/p>\n<h3>A second hand gift card is the perfect gift for a family with children<\/h3>\n<p>Give a gift card as a baby gift, babyshower gift, birthday present for a child or just for fun. You can choose the amount you want to give. Just enter the recipient's details and your message, then add the gift card to your shopping cart.<\/p>\n<h3>The gift voucher will arrive immediately by email<\/h3>\n<p>This gift card is also ideal as a last-minute gift card, as the gift card is automatically sent by email immediately after purchase.<\/p>\n<p>Tip! If you don't want the gift card to be sent to the recipient's email address, you can also enter your own address as the recipient's email address. You will then receive a printable pdf gift card in your email inbox, which you can give to the recipient yourself.<\/p>\n<h3>Terms and conditions of the gift card<\/h3>\n<ul>\n<li>The gift voucher is valid for one year from the date of purchase. The expiry date is indicated on the gift card.<\/li>\n<li>The value of the gift card can be used to book a sales service either in the Kidia store or in the online shop.<\/li>\n<li>When using a gift voucher, you must always present the voucher code.<\/li>\n<li>Gift vouchers cannot be converted into cash and no cash will be given back at the store checkout for purchases made with a gift voucher.<\/li>\n<li>The value of the gift card can be used in instalments.<\/li>\n<\/ul>\n<h3>Check your gift card balance here<\/h3>\n<p>Have you received a gift voucher but can't remember how much balance is left? You can check your balance here.<\/p>\n<style>\r\n    #pwgc-balance-container {\r\n        text-align: center;\r\n    }\r\n\r\n    #pwgc-balance-title {\r\n        font-size: 150%;\r\n        margin-bottom: 16px;\r\n    }\r\n\r\n    #pwgc-balance-error {\r\n        color: red;\r\n        font-weight: 600;\r\n    }\r\n\r\n    #pwgc-balance-message {\r\n        color: blue;\r\n        font-weight: 600;\r\n    }\r\n\r\n    #pwgc-balance-amount-value {\r\n        font-size: 200%;\r\n        font-weight: 600;\r\n        color: #329926;\r\n    }\r\n\r\n    #pwgc-balance-expiration-date-container {\r\n        font-size: 80%;\r\n        color: #999999;\r\n        display: none;\r\n    }\r\n\r\n    #pwgc-balance-number-container {\r\n        text-align: center;\r\n        margin: 32px auto;\r\n    }\r\n\r\n    #pwgc-balance-number {\r\n        width: 300px;\r\n        margin-bottom: 10px;\r\n        display: inline-block;\r\n    }\r\n\r\n    #pwgc-balance-reload, #pwgc-manual-debit {\r\n        display: none;\r\n    }\r\n\r\n    #pwgc-balance-activity {\r\n        margin-top: 24px;\r\n        overflow-x: auto;\r\n    }\r\n\r\n    #pwgc-balance-buttons {\r\n        margin-top: 24px;\r\n    }\r\n\r\n<\/style>\r\n<form id=\"pwgc-balance-form\" action=\"\">\r\n<div id=\"pwgc-balance-container\">\r\n                <i class=\"fas fa-gift fa-7x\"><\/i>\r\n                <div id=\"pwgc-balance-title\">Check Gift Card Balance<\/div>\r\n\r\n    <div id=\"pwgc-balance-number-container\">\r\n        <input type=\"text\" id=\"pwgc-balance-number\" name=\"card_number\" autocomplete=\"off\" placeholder=\"Gift Card Number\" value=\"\" required>\r\n        <input type=\"submit\" id=\"pwgc-balance-button\" value=\"Check Balance\">\r\n    <\/div>\r\n\r\n    <div id=\"pwgc-balance-error\"><\/div>\r\n    <div id=\"pwgc-balance-message\"><\/div>\r\n    <div id=\"pwgc-balance-amount\"><\/div>\r\n\r\n                <div id=\"pwgc-balance-expiration-date-container\">\r\n                Expires <span id=\"pwgc-balance-expiration-date\"><\/span>\r\n            <\/div>\r\n                <div id=\"pwgc-balance-buttons\">\r\n                        <input type=\"button\" id=\"pwgc-manual-debit\" value=\"debit balance\">\r\n                    <\/div>\r\n\r\n    <div id=\"pwgc-balance-activity\"><\/div>\r\n<\/div>\r\n<input type=\"hidden\" name=\"trp-form-language\" value=\"en\"\/><\/form>","protected":false},"excerpt":{"rendered":"<p class=\"ai-optimize-13\">Easily order an electronic gift voucher! You can use the gift card to make second hand purchases in Kidia's shop or to book a sales service. The gift voucher will be delivered by e-mail immediately after ordering.<\/p>","protected":false},"featured_media":107789,"template":"","meta":{"site-sidebar-layout":"default","site-content-layout":"","ast-site-content-layout":"default","site-content-style":"default","site-sidebar-style":"default","ast-global-header-display":"","ast-banner-title-visibility":"","ast-main-header-display":"","ast-hfb-above-header-display":"","ast-hfb-below-header-display":"","ast-hfb-mobile-header-display":"","site-post-title":"","ast-breadcrumbs-content":"","ast-featured-img":"","footer-sml-layout":"","ast-disable-related-posts":"","theme-transparent-header-meta":"default","adv-header-id-meta":"","stick-header-meta":"","header-above-stick-meta":"","header-main-stick-meta":"","header-below-stick-meta":"","astra-migrate-meta-layouts":"set","ast-page-background-enabled":"default","ast-page-background-meta":{"desktop":{"background-color":"var(--ast-global-color-4)","background-image":"","background-repeat":"repeat","background-position":"center center","background-size":"auto","background-attachment":"scroll","background-type":"","background-media":"","overlay-type":"","overlay-color":"","overlay-opacity":"","overlay-gradient":""},"tablet":{"background-color":"","background-image":"","background-repeat":"repeat","background-position":"center center","background-size":"auto","background-attachment":"scroll","background-type":"","background-media":"","overlay-type":"","overlay-color":"","overlay-opacity":"","overlay-gradient":""},"mobile":{"background-color":"","background-image":"","background-repeat":"repeat","background-position":"center center","background-size":"auto","background-attachment":"scroll","background-type":"","background-media":"","overlay-type":"","overlay-color":"","overlay-opacity":"","overlay-gradient":""}},"ast-content-background-meta":{"desktop":{"background-color":"var(--ast-global-color-5)","background-image":"","background-repeat":"repeat","background-position":"center center","background-size":"auto","background-attachment":"scroll","background-type":"","background-media":"","overlay-type":"","overlay-color":"","overlay-opacity":"","overlay-gradient":""},"tablet":{"background-color":"var(--ast-global-color-5)","background-image":"","background-repeat":"repeat","background-position":"center center","background-size":"auto","background-attachment":"scroll","background-type":"","background-media":"","overlay-type":"","overlay-color":"","overlay-opacity":"","overlay-gradient":""},"mobile":{"background-color":"var(--ast-global-color-5)","background-image":"","background-repeat":"repeat","background-position":"center center","background-size":"auto","background-attachment":"scroll","background-type":"","background-media":"","overlay-type":"","overlay-color":"","overlay-opacity":"","overlay-gradient":""}}},"product_brand":[],"product_cat":[262],"product_tag":[],"class_list":{"0":"post-73216","1":"product","2":"type-product","3":"status-publish","4":"has-post-thumbnail","6":"product_cat-lahjakortti","7":"desktop-align-left","8":"tablet-align-left","9":"mobile-align-left","11":"first","12":"instock","13":"purchasable","14":"product-type-pw-gift-card","15":"has-default-attributes"},"yoast_head":"<!-- This site is optimized with the Yoast SEO Premium plugin v27.5 (Yoast SEO v27.5) - https:\/\/yoast.com\/product\/yoast-seo-premium-wordpress\/ -->\n<title>Lahjakortti - Kidia second hand<\/title>\n<meta name=\"robots\" content=\"index, follow, max-snippet:-1, max-image-preview:large, max-video-preview:-1\" \/>\n<link rel=\"canonical\" href=\"https:\/\/www.kidia.fi\/en\/product\/gift-voucher\/\" \/>\n<meta property=\"og:locale\" content=\"en_US\" \/>\n<meta property=\"og:type\" content=\"article\" \/>\n<meta property=\"og:title\" content=\"Lahjakortti\" \/>\n<meta property=\"og:description\" content=\"Tilaa helposti s\u00e4hk\u00f6inen lahjakortti! Lahjakortilla voi tehd\u00e4 second hand -ostoksia Kidian myym\u00e4l\u00e4ss\u00e4 tai varata myyntipalvelun. Lahjakortti toimitetaan s\u00e4hk\u00f6postilla heti tilaamisen j\u00e4lkeen.\" \/>\n<meta property=\"og:url\" content=\"https:\/\/www.kidia.fi\/en\/product\/gift-voucher\/\" \/>\n<meta property=\"og:site_name\" content=\"Kidia second hand\" \/>\n<meta property=\"article:modified_time\" content=\"2025-06-20T04:00:17+00:00\" \/>\n<meta property=\"og:image\" content=\"https:\/\/www.kidia.fi\/wp-content\/uploads\/2021\/08\/LAHJAKORTTI.png\" \/>\n\t<meta property=\"og:image:width\" content=\"600\" \/>\n\t<meta property=\"og:image:height\" content=\"400\" \/>\n\t<meta property=\"og:image:type\" content=\"image\/png\" \/>\n<meta name=\"twitter:card\" content=\"summary_large_image\" \/>\n<meta name=\"twitter:label1\" content=\"Est. reading time\" \/>\n\t<meta name=\"twitter:data1\" content=\"2 minutes\" \/>\n<script type=\"application\/ld+json\" class=\"yoast-schema-graph\">{\"@context\":\"https:\\\/\\\/schema.org\",\"@graph\":[{\"@type\":\"WebPage\",\"@id\":\"https:\\\/\\\/www.kidia.fi\\\/tuote\\\/lahjakortti\\\/\",\"url\":\"https:\\\/\\\/www.kidia.fi\\\/tuote\\\/lahjakortti\\\/\",\"name\":\"Lahjakortti - Kidia second hand\",\"isPartOf\":{\"@id\":\"https:\\\/\\\/www.kidia.fi\\\/#website\"},\"primaryImageOfPage\":{\"@id\":\"https:\\\/\\\/www.kidia.fi\\\/tuote\\\/lahjakortti\\\/#primaryimage\"},\"image\":{\"@id\":\"https:\\\/\\\/www.kidia.fi\\\/tuote\\\/lahjakortti\\\/#primaryimage\"},\"thumbnailUrl\":\"https:\\\/\\\/www.kidia.fi\\\/wp-content\\\/uploads\\\/2021\\\/08\\\/LAHJAKORTTI.png\",\"datePublished\":\"2021-08-18T12:38:56+00:00\",\"dateModified\":\"2025-06-20T04:00:17+00:00\",\"breadcrumb\":{\"@id\":\"https:\\\/\\\/www.kidia.fi\\\/tuote\\\/lahjakortti\\\/#breadcrumb\"},\"inLanguage\":\"en-US\",\"potentialAction\":[{\"@type\":\"ReadAction\",\"target\":[\"https:\\\/\\\/www.kidia.fi\\\/tuote\\\/lahjakortti\\\/\"]}]},{\"@type\":\"ImageObject\",\"inLanguage\":\"en-US\",\"@id\":\"https:\\\/\\\/www.kidia.fi\\\/tuote\\\/lahjakortti\\\/#primaryimage\",\"url\":\"https:\\\/\\\/www.kidia.fi\\\/wp-content\\\/uploads\\\/2021\\\/08\\\/LAHJAKORTTI.png\",\"contentUrl\":\"https:\\\/\\\/www.kidia.fi\\\/wp-content\\\/uploads\\\/2021\\\/08\\\/LAHJAKORTTI.png\",\"width\":600,\"height\":400},{\"@type\":\"BreadcrumbList\",\"@id\":\"https:\\\/\\\/www.kidia.fi\\\/tuote\\\/lahjakortti\\\/#breadcrumb\",\"itemListElement\":[{\"@type\":\"ListItem\",\"position\":1,\"name\":\"Etusivu\",\"item\":\"https:\\\/\\\/www.kidia.fi\\\/\"},{\"@type\":\"ListItem\",\"position\":2,\"name\":\"Kauppa\",\"item\":\"https:\\\/\\\/www.kidia.fi\\\/kauppa\\\/\"},{\"@type\":\"ListItem\",\"position\":3,\"name\":\"Lahjakortti\"}]},{\"@type\":\"WebSite\",\"@id\":\"https:\\\/\\\/www.kidia.fi\\\/#website\",\"url\":\"https:\\\/\\\/www.kidia.fi\\\/\",\"name\":\"Kidia second hand\",\"description\":\"Helppoa kierr\u00e4tyst\u00e4 \",\"publisher\":{\"@id\":\"https:\\\/\\\/www.kidia.fi\\\/#organization\"},\"potentialAction\":[{\"@type\":\"SearchAction\",\"target\":{\"@type\":\"EntryPoint\",\"urlTemplate\":\"https:\\\/\\\/www.kidia.fi\\\/?s={search_term_string}\"},\"query-input\":{\"@type\":\"PropertyValueSpecification\",\"valueRequired\":true,\"valueName\":\"search_term_string\"}}],\"inLanguage\":\"en-US\"},{\"@type\":\"Organization\",\"@id\":\"https:\\\/\\\/www.kidia.fi\\\/#organization\",\"name\":\"Kidia second hand\",\"url\":\"https:\\\/\\\/www.kidia.fi\\\/\",\"logo\":{\"@type\":\"ImageObject\",\"inLanguage\":\"en-US\",\"@id\":\"https:\\\/\\\/www.kidia.fi\\\/#\\\/schema\\\/logo\\\/image\\\/\",\"url\":\"https:\\\/\\\/www.kidia.fi\\\/wp-content\\\/uploads\\\/2024\\\/01\\\/cropped-kidia-logo-180x60-2.png\",\"contentUrl\":\"https:\\\/\\\/www.kidia.fi\\\/wp-content\\\/uploads\\\/2024\\\/01\\\/cropped-kidia-logo-180x60-2.png\",\"width\":175,\"height\":43,\"caption\":\"Kidia second hand\"},\"image\":{\"@id\":\"https:\\\/\\\/www.kidia.fi\\\/#\\\/schema\\\/logo\\\/image\\\/\"}}]}<\/script>\n<!-- \/ Yoast SEO Premium plugin. -->","yoast_head_json":{"title":"Gift voucher - Kidia second hand","robots":{"index":"index","follow":"follow","max-snippet":"max-snippet:-1","max-image-preview":"max-image-preview:large","max-video-preview":"max-video-preview:-1"},"canonical":"https:\/\/www.kidia.fi\/en\/product\/gift-voucher\/","og_locale":"en_US","og_type":"article","og_title":"Lahjakortti","og_description":"Tilaa helposti s\u00e4hk\u00f6inen lahjakortti! Lahjakortilla voi tehd\u00e4 second hand -ostoksia Kidian myym\u00e4l\u00e4ss\u00e4 tai varata myyntipalvelun. Lahjakortti toimitetaan s\u00e4hk\u00f6postilla heti tilaamisen j\u00e4lkeen.","og_url":"https:\/\/www.kidia.fi\/en\/product\/gift-voucher\/","og_site_name":"Kidia second hand","article_modified_time":"2025-06-20T04:00:17+00:00","og_image":[{"width":600,"height":400,"url":"https:\/\/www.kidia.fi\/wp-content\/uploads\/2021\/08\/LAHJAKORTTI.png","type":"image\/png"}],"twitter_card":"summary_large_image","twitter_misc":{"Est. reading time":"2 minutes"},"schema":{"@context":"https:\/\/schema.org","@graph":[{"@type":"WebPage","@id":"https:\/\/www.kidia.fi\/tuote\/lahjakortti\/","url":"https:\/\/www.kidia.fi\/tuote\/lahjakortti\/","name":"Gift voucher - Kidia second hand","isPartOf":{"@id":"https:\/\/www.kidia.fi\/#website"},"primaryImageOfPage":{"@id":"https:\/\/www.kidia.fi\/tuote\/lahjakortti\/#primaryimage"},"image":{"@id":"https:\/\/www.kidia.fi\/tuote\/lahjakortti\/#primaryimage"},"thumbnailUrl":"https:\/\/www.kidia.fi\/wp-content\/uploads\/2021\/08\/LAHJAKORTTI.png","datePublished":"2021-08-18T12:38:56+00:00","dateModified":"2025-06-20T04:00:17+00:00","breadcrumb":{"@id":"https:\/\/www.kidia.fi\/tuote\/lahjakortti\/#breadcrumb"},"inLanguage":"en-US","potentialAction":[{"@type":"ReadAction","target":["https:\/\/www.kidia.fi\/tuote\/lahjakortti\/"]}]},{"@type":"ImageObject","inLanguage":"en-US","@id":"https:\/\/www.kidia.fi\/tuote\/lahjakortti\/#primaryimage","url":"https:\/\/www.kidia.fi\/wp-content\/uploads\/2021\/08\/LAHJAKORTTI.png","contentUrl":"https:\/\/www.kidia.fi\/wp-content\/uploads\/2021\/08\/LAHJAKORTTI.png","width":600,"height":400},{"@type":"BreadcrumbList","@id":"https:\/\/www.kidia.fi\/tuote\/lahjakortti\/#breadcrumb","itemListElement":[{"@type":"ListItem","position":1,"name":"Etusivu","item":"https:\/\/www.kidia.fi\/"},{"@type":"ListItem","position":2,"name":"Kauppa","item":"https:\/\/www.kidia.fi\/kauppa\/"},{"@type":"ListItem","position":3,"name":"Lahjakortti"}]},{"@type":"WebSite","@id":"https:\/\/www.kidia.fi\/#website","url":"https:\/\/www.kidia.fi\/","name":"Kidia second hand","description":"Easy recycling","publisher":{"@id":"https:\/\/www.kidia.fi\/#organization"},"potentialAction":[{"@type":"SearchAction","target":{"@type":"EntryPoint","urlTemplate":"https:\/\/www.kidia.fi\/?s={search_term_string}"},"query-input":{"@type":"PropertyValueSpecification","valueRequired":true,"valueName":"search_term_string"}}],"inLanguage":"en-US"},{"@type":"Organization","@id":"https:\/\/www.kidia.fi\/#organization","name":"Kidia second hand","url":"https:\/\/www.kidia.fi\/","logo":{"@type":"ImageObject","inLanguage":"en-US","@id":"https:\/\/www.kidia.fi\/#\/schema\/logo\/image\/","url":"https:\/\/www.kidia.fi\/wp-content\/uploads\/2024\/01\/cropped-kidia-logo-180x60-2.png","contentUrl":"https:\/\/www.kidia.fi\/wp-content\/uploads\/2024\/01\/cropped-kidia-logo-180x60-2.png","width":175,"height":43,"caption":"Kidia second hand"},"image":{"@id":"https:\/\/www.kidia.fi\/#\/schema\/logo\/image\/"}}]}},"_links":{"self":[{"href":"https:\/\/www.kidia.fi\/en\/wp-json\/wp\/v2\/product\/73216","targetHints":{"allow":["GET"]}}],"collection":[{"href":"https:\/\/www.kidia.fi\/en\/wp-json\/wp\/v2\/product"}],"about":[{"href":"https:\/\/www.kidia.fi\/en\/wp-json\/wp\/v2\/types\/product"}],"version-history":[{"count":4,"href":"https:\/\/www.kidia.fi\/en\/wp-json\/wp\/v2\/product\/73216\/revisions"}],"predecessor-version":[{"id":109744,"href":"https:\/\/www.kidia.fi\/en\/wp-json\/wp\/v2\/product\/73216\/revisions\/109744"}],"wp:featuredmedia":[{"embeddable":true,"href":"https:\/\/www.kidia.fi\/en\/wp-json\/wp\/v2\/media\/107789"}],"wp:attachment":[{"href":"https:\/\/www.kidia.fi\/en\/wp-json\/wp\/v2\/media?parent=73216"}],"wp:term":[{"taxonomy":"product_brand","embeddable":true,"href":"https:\/\/www.kidia.fi\/en\/wp-json\/wp\/v2\/product_brand?post=73216"},{"taxonomy":"product_cat","embeddable":true,"href":"https:\/\/www.kidia.fi\/en\/wp-json\/wp\/v2\/product_cat?post=73216"},{"taxonomy":"product_tag","embeddable":true,"href":"https:\/\/www.kidia.fi\/en\/wp-json\/wp\/v2\/product_tag?post=73216"}],"curies":[{"name":"wp","href":"https:\/\/api.w.org\/{rel}","templated":true}]}}