{"id":6901,"date":"2021-01-16T22:00:40","date_gmt":"2021-01-16T20:00:40","guid":{"rendered":"http:\/\/www.kidia.fi\/?page_id=6901"},"modified":"2024-05-30T08:19:27","modified_gmt":"2024-05-30T05:19:27","slug":"payment-methods","status":"publish","type":"page","link":"https:\/\/www.kidia.fi\/en\/payment-methods\/","title":{"rendered":"Payment methods"},"content":{"rendered":"<div data-elementor-type=\"wp-page\" data-elementor-id=\"6901\" class=\"elementor elementor-6901\" data-elementor-post-type=\"page\">\n\t\t\t\t\t\t<section class=\"elementor-section elementor-top-section elementor-element elementor-element-37ae2292 elementor-section-boxed elementor-section-height-default elementor-section-height-default\" data-id=\"37ae2292\" data-element_type=\"section\" data-e-type=\"section\">\n\t\t\t\t\t\t<div class=\"elementor-container elementor-column-gap-default\">\n\t\t\t\t\t<div class=\"elementor-column elementor-col-100 elementor-top-column elementor-element elementor-element-64a32e05\" data-id=\"64a32e05\" data-element_type=\"column\" data-e-type=\"column\">\n\t\t\t<div class=\"elementor-widget-wrap elementor-element-populated\">\n\t\t\t\t\t\t<div class=\"elementor-element elementor-element-24ab583 elementor-widget elementor-widget-text-editor\" data-id=\"24ab583\" data-element_type=\"widget\" data-e-type=\"widget\" data-widget_type=\"text-editor.default\">\n\t\t\t\t<div class=\"elementor-widget-container\">\n\t\t\t\t\t\t\t\t\t<p><strong>This is how you calculate the price of the sales service<\/strong><\/p>\n<ul>\n<li>You pay an initial fee of 11,90\u20ac \/ sales package when booking<\/li>\n<li>At the end of the sales period, a 50% commission will first be deducted from your proceeds.<\/li>\n<li>After that, a handling fee of 0,60\u20ac \/ product priced for sale will be deducted from your share.<\/li>\n<li>The remainder will be paid into your bank account<\/li>\n<\/ul>\t\t\t\t\t\t\t\t<\/div>\n\t\t\t\t<\/div>\n\t\t\t\t<div class=\"elementor-element elementor-element-aa4121b elementor-widget elementor-widget-text-editor\" data-id=\"aa4121b\" data-element_type=\"widget\" data-e-type=\"widget\" data-widget_type=\"text-editor.default\">\n\t\t\t\t<div class=\"elementor-widget-container\">\n\t\t\t\t\t\t\t\t\t<p><strong>You can pay the start-up fee in our online shop<\/strong><\/p>\n<ul>\n<li>with your online banking credentials<\/li>\n<li>by wallet (Mobilepay, Masterpass, Transfer or Pivo)<\/li>\n<li>payment cards (credit\/debit)<\/li>\n<li>by invoice or instalment.<\/li>\n<\/ul>\t\t\t\t\t\t\t\t<\/div>\n\t\t\t\t<\/div>\n\t\t\t\t<div class=\"elementor-element elementor-element-b71cb55 elementor-widget elementor-widget-text-editor\" data-id=\"b71cb55\" data-element_type=\"widget\" data-e-type=\"widget\" data-widget_type=\"text-editor.default\">\n\t\t\t\t<div class=\"elementor-widget-container\">\n\t\t\t\t\t\t\t\t\t<p><strong>The following payment methods are available<\/strong><\/p>\n<ul>\n<li>Cooperative Bank of Finland<\/li>\n<li>Nordea<\/li>\n<li>Danske Bank<\/li>\n<li>My Savings Bank<\/li>\n<li>Savings Bank<\/li>\n<li>Aktia<\/li>\n<li>Local cooperative banks<\/li>\n<li>S-Bank<\/li>\n<li>Commercial banks<\/li>\n<li>\u00c5landsbanken<\/li>\n<li>MobilePay<\/li>\n<li>Masterpass<\/li>\n<li>Pivo<\/li>\n<li>Visa, Visa Debit, Visa Electron, MasterCard and Debit MasterCard cards<\/li>\n<li>OP invoice<\/li>\n<\/ul>\t\t\t\t\t\t\t\t<\/div>\n\t\t\t\t<\/div>\n\t\t\t\t<div class=\"elementor-element elementor-element-6788c37 elementor-widget elementor-widget-image\" data-id=\"6788c37\" data-element_type=\"widget\" data-e-type=\"widget\" data-widget_type=\"image.default\">\n\t\t\t\t<div class=\"elementor-widget-container\">\n\t\t\t\t\t\t\t\t\t\t\t\t\t\t\t<img fetchpriority=\"high\" decoding=\"async\" width=\"1024\" height=\"50\" src=\"https:\/\/www.kidia.fi\/wp-content\/uploads\/2024\/01\/visma-pay-2-1024x50.png\" class=\"attachment-large size-large wp-image-97605\" alt=\"\" srcset=\"https:\/\/www.kidia.fi\/wp-content\/uploads\/2024\/01\/visma-pay-2-1024x50.png 1024w, https:\/\/www.kidia.fi\/wp-content\/uploads\/2024\/01\/visma-pay-2-300x15.png 300w, https:\/\/www.kidia.fi\/wp-content\/uploads\/2024\/01\/visma-pay-2-768x38.png 768w, https:\/\/www.kidia.fi\/wp-content\/uploads\/2024\/01\/visma-pay-2-18x1.png 18w, https:\/\/www.kidia.fi\/wp-content\/uploads\/2024\/01\/visma-pay-2-600x30.png 600w, https:\/\/www.kidia.fi\/wp-content\/uploads\/2024\/01\/visma-pay-2.png 1322w\" sizes=\"(max-width: 1024px) 100vw, 1024px\" \/>\t\t\t\t\t\t\t\t\t\t\t\t\t\t\t<\/div>\n\t\t\t\t<\/div>\n\t\t\t\t\t<\/div>\n\t\t<\/div>\n\t\t\t\t\t<\/div>\n\t\t<\/section>\n\t\t\t\t<\/div>","protected":false},"excerpt":{"rendered":"<p>Myyntipalvelun hinta muodostuu n\u00e4in Maksat varauksen yhteydess\u00e4 aloitusmaksun 11,90\u20ac \/ myyntipaketti Myyntijakson p\u00e4\u00e4ttyess\u00e4 tuotostasi v\u00e4hennet\u00e4\u00e4n ensin provisio 50% T\u00e4m\u00e4n j\u00e4lkeen omasta osuudestasi v\u00e4hennet\u00e4\u00e4n k\u00e4sittelymaksu 0,60\u20ac \/ myyntiin hinnoiteltu tuote Loppuosa tilitet\u00e4\u00e4n pankkitilillesi Voit maksaa aloitusmaksun verkkokaupassamme verkkopankkitunnuksilla lompakolla (Mobilepay, Masterpass, Siirto tai Pivo) maksukorteilla (credit\/debit) laskulla tai osamaksulla. K\u00e4ytett\u00e4viss\u00e4 ovat seuraavat maksutavat Osuuspankki Nordea Danske [&hellip;]<\/p>\n","protected":false},"author":1,"featured_media":0,"parent":0,"menu_order":0,"comment_status":"closed","ping_status":"closed","template":"","meta":{"site-sidebar-layout":"default","site-content-layout":"default","ast-site-content-layout":"default","site-content-style":"default","site-sidebar-style":"default","ast-global-header-display":"","ast-banner-title-visibility":"","ast-main-header-display":"","ast-hfb-above-header-display":"","ast-hfb-below-header-display":"","ast-hfb-mobile-header-display":"","site-post-title":"","ast-breadcrumbs-content":"","ast-featured-img":"","footer-sml-layout":"","ast-disable-related-posts":"","theme-transparent-header-meta":"default","adv-header-id-meta":"","stick-header-meta":"","header-above-stick-meta":"","header-main-stick-meta":"","header-below-stick-meta":"","astra-migrate-meta-layouts":"default","ast-page-background-enabled":"default","ast-page-background-meta":{"desktop":{"background-color":"var(--ast-global-color-4)","background-image":"","background-repeat":"repeat","background-position":"center center","background-size":"auto","background-attachment":"scroll","background-type":"","background-media":"","overlay-type":"","overlay-color":"","overlay-opacity":"","overlay-gradient":""},"tablet":{"background-color":"","background-image":"","background-repeat":"repeat","background-position":"center center","background-size":"auto","background-attachment":"scroll","background-type":"","background-media":"","overlay-type":"","overlay-color":"","overlay-opacity":"","overlay-gradient":""},"mobile":{"background-color":"","background-image":"","background-repeat":"repeat","background-position":"center center","background-size":"auto","background-attachment":"scroll","background-type":"","background-media":"","overlay-type":"","overlay-color":"","overlay-opacity":"","overlay-gradient":""}},"ast-content-background-meta":{"desktop":{"background-color":"var(--ast-global-color-5)","background-image":"","background-repeat":"repeat","background-position":"center center","background-size":"auto","background-attachment":"scroll","background-type":"","background-media":"","overlay-type":"","overlay-color":"","overlay-opacity":"","overlay-gradient":""},"tablet":{"background-color":"var(--ast-global-color-5)","background-image":"","background-repeat":"repeat","background-position":"center center","background-size":"auto","background-attachment":"scroll","background-type":"","background-media":"","overlay-type":"","overlay-color":"","overlay-opacity":"","overlay-gradient":""},"mobile":{"background-color":"var(--ast-global-color-5)","background-image":"","background-repeat":"repeat","background-position":"center center","background-size":"auto","background-attachment":"scroll","background-type":"","background-media":"","overlay-type":"","overlay-color":"","overlay-opacity":"","overlay-gradient":""}},"footnotes":""},"class_list":["post-6901","page","type-page","status-publish","hentry"],"yoast_head":"<!-- This site is optimized with the Yoast SEO Premium plugin v27.5 (Yoast SEO v27.5) - https:\/\/yoast.com\/product\/yoast-seo-premium-wordpress\/ -->\n<title>Maksutavat - Kidia second hand<\/title>\n<meta name=\"robots\" content=\"index, follow, max-snippet:-1, max-image-preview:large, max-video-preview:-1\" \/>\n<link rel=\"canonical\" href=\"https:\/\/www.kidia.fi\/en\/payment-methods\/\" \/>\n<meta property=\"og:locale\" content=\"en_US\" \/>\n<meta property=\"og:type\" content=\"article\" \/>\n<meta property=\"og:title\" content=\"Maksutavat\" \/>\n<meta property=\"og:description\" content=\"Myyntipalvelun hinta muodostuu n\u00e4in Maksat varauksen yhteydess\u00e4 aloitusmaksun 11,90\u20ac \/ myyntipaketti Myyntijakson p\u00e4\u00e4ttyess\u00e4 tuotostasi v\u00e4hennet\u00e4\u00e4n ensin provisio 50% T\u00e4m\u00e4n j\u00e4lkeen omasta osuudestasi v\u00e4hennet\u00e4\u00e4n k\u00e4sittelymaksu 0,60\u20ac \/ myyntiin hinnoiteltu tuote Loppuosa tilitet\u00e4\u00e4n pankkitilillesi Voit maksaa aloitusmaksun verkkokaupassamme verkkopankkitunnuksilla lompakolla (Mobilepay, Masterpass, Siirto tai Pivo) maksukorteilla (credit\/debit) laskulla tai osamaksulla. K\u00e4ytett\u00e4viss\u00e4 ovat seuraavat maksutavat Osuuspankki Nordea Danske [&hellip;]\" \/>\n<meta property=\"og:url\" content=\"https:\/\/www.kidia.fi\/en\/payment-methods\/\" \/>\n<meta property=\"og:site_name\" content=\"Kidia second hand\" \/>\n<meta property=\"article:modified_time\" content=\"2024-05-30T05:19:27+00:00\" \/>\n<meta property=\"og:image\" content=\"https:\/\/www.kidia.fi\/wp-content\/uploads\/2024\/01\/visma-pay-2-1024x50.png\" \/>\n<meta name=\"twitter:card\" content=\"summary_large_image\" \/>\n<meta name=\"twitter:label1\" content=\"Est. reading time\" \/>\n\t<meta name=\"twitter:data1\" content=\"1 minute\" \/>\n<script type=\"application\/ld+json\" class=\"yoast-schema-graph\">{\"@context\":\"https:\\\/\\\/schema.org\",\"@graph\":[{\"@type\":\"WebPage\",\"@id\":\"https:\\\/\\\/www.kidia.fi\\\/maksutavat\\\/\",\"url\":\"https:\\\/\\\/www.kidia.fi\\\/maksutavat\\\/\",\"name\":\"Maksutavat - Kidia second hand\",\"isPartOf\":{\"@id\":\"https:\\\/\\\/www.kidia.fi\\\/#website\"},\"primaryImageOfPage\":{\"@id\":\"https:\\\/\\\/www.kidia.fi\\\/maksutavat\\\/#primaryimage\"},\"image\":{\"@id\":\"https:\\\/\\\/www.kidia.fi\\\/maksutavat\\\/#primaryimage\"},\"thumbnailUrl\":\"https:\\\/\\\/www.kidia.fi\\\/wp-content\\\/uploads\\\/2024\\\/01\\\/visma-pay-2-1024x50.png\",\"datePublished\":\"2021-01-16T20:00:40+00:00\",\"dateModified\":\"2024-05-30T05:19:27+00:00\",\"breadcrumb\":{\"@id\":\"https:\\\/\\\/www.kidia.fi\\\/maksutavat\\\/#breadcrumb\"},\"inLanguage\":\"en-US\",\"potentialAction\":[{\"@type\":\"ReadAction\",\"target\":[\"https:\\\/\\\/www.kidia.fi\\\/maksutavat\\\/\"]}]},{\"@type\":\"ImageObject\",\"inLanguage\":\"en-US\",\"@id\":\"https:\\\/\\\/www.kidia.fi\\\/maksutavat\\\/#primaryimage\",\"url\":\"https:\\\/\\\/www.kidia.fi\\\/wp-content\\\/uploads\\\/2024\\\/01\\\/visma-pay-2-1024x50.png\",\"contentUrl\":\"https:\\\/\\\/www.kidia.fi\\\/wp-content\\\/uploads\\\/2024\\\/01\\\/visma-pay-2-1024x50.png\"},{\"@type\":\"BreadcrumbList\",\"@id\":\"https:\\\/\\\/www.kidia.fi\\\/maksutavat\\\/#breadcrumb\",\"itemListElement\":[{\"@type\":\"ListItem\",\"position\":1,\"name\":\"Etusivu\",\"item\":\"https:\\\/\\\/www.kidia.fi\\\/\"},{\"@type\":\"ListItem\",\"position\":2,\"name\":\"Maksutavat\"}]},{\"@type\":\"WebSite\",\"@id\":\"https:\\\/\\\/www.kidia.fi\\\/#website\",\"url\":\"https:\\\/\\\/www.kidia.fi\\\/\",\"name\":\"Kidia second hand\",\"description\":\"Helppoa kierr\u00e4tyst\u00e4 \",\"publisher\":{\"@id\":\"https:\\\/\\\/www.kidia.fi\\\/#organization\"},\"potentialAction\":[{\"@type\":\"SearchAction\",\"target\":{\"@type\":\"EntryPoint\",\"urlTemplate\":\"https:\\\/\\\/www.kidia.fi\\\/?s={search_term_string}\"},\"query-input\":{\"@type\":\"PropertyValueSpecification\",\"valueRequired\":true,\"valueName\":\"search_term_string\"}}],\"inLanguage\":\"en-US\"},{\"@type\":\"Organization\",\"@id\":\"https:\\\/\\\/www.kidia.fi\\\/#organization\",\"name\":\"Kidia second hand\",\"url\":\"https:\\\/\\\/www.kidia.fi\\\/\",\"logo\":{\"@type\":\"ImageObject\",\"inLanguage\":\"en-US\",\"@id\":\"https:\\\/\\\/www.kidia.fi\\\/#\\\/schema\\\/logo\\\/image\\\/\",\"url\":\"https:\\\/\\\/www.kidia.fi\\\/wp-content\\\/uploads\\\/2024\\\/01\\\/cropped-kidia-logo-180x60-2.png\",\"contentUrl\":\"https:\\\/\\\/www.kidia.fi\\\/wp-content\\\/uploads\\\/2024\\\/01\\\/cropped-kidia-logo-180x60-2.png\",\"width\":175,\"height\":43,\"caption\":\"Kidia second hand\"},\"image\":{\"@id\":\"https:\\\/\\\/www.kidia.fi\\\/#\\\/schema\\\/logo\\\/image\\\/\"}}]}<\/script>\n<!-- \/ Yoast SEO Premium plugin. -->","yoast_head_json":{"title":"Payment methods - Kidia second hand","robots":{"index":"index","follow":"follow","max-snippet":"max-snippet:-1","max-image-preview":"max-image-preview:large","max-video-preview":"max-video-preview:-1"},"canonical":"https:\/\/www.kidia.fi\/en\/payment-methods\/","og_locale":"en_US","og_type":"article","og_title":"Maksutavat","og_description":"Myyntipalvelun hinta muodostuu n\u00e4in Maksat varauksen yhteydess\u00e4 aloitusmaksun 11,90\u20ac \/ myyntipaketti Myyntijakson p\u00e4\u00e4ttyess\u00e4 tuotostasi v\u00e4hennet\u00e4\u00e4n ensin provisio 50% T\u00e4m\u00e4n j\u00e4lkeen omasta osuudestasi v\u00e4hennet\u00e4\u00e4n k\u00e4sittelymaksu 0,60\u20ac \/ myyntiin hinnoiteltu tuote Loppuosa tilitet\u00e4\u00e4n pankkitilillesi Voit maksaa aloitusmaksun verkkokaupassamme verkkopankkitunnuksilla lompakolla (Mobilepay, Masterpass, Siirto tai Pivo) maksukorteilla (credit\/debit) laskulla tai osamaksulla. K\u00e4ytett\u00e4viss\u00e4 ovat seuraavat maksutavat Osuuspankki Nordea Danske [&hellip;]","og_url":"https:\/\/www.kidia.fi\/en\/payment-methods\/","og_site_name":"Kidia second hand","article_modified_time":"2024-05-30T05:19:27+00:00","og_image":[{"url":"https:\/\/www.kidia.fi\/wp-content\/uploads\/2024\/01\/visma-pay-2-1024x50.png","type":"","width":"","height":""}],"twitter_card":"summary_large_image","twitter_misc":{"Est. reading time":"1 minute"},"schema":{"@context":"https:\/\/schema.org","@graph":[{"@type":"WebPage","@id":"https:\/\/www.kidia.fi\/maksutavat\/","url":"https:\/\/www.kidia.fi\/maksutavat\/","name":"Payment methods - Kidia second hand","isPartOf":{"@id":"https:\/\/www.kidia.fi\/#website"},"primaryImageOfPage":{"@id":"https:\/\/www.kidia.fi\/maksutavat\/#primaryimage"},"image":{"@id":"https:\/\/www.kidia.fi\/maksutavat\/#primaryimage"},"thumbnailUrl":"https:\/\/www.kidia.fi\/wp-content\/uploads\/2024\/01\/visma-pay-2-1024x50.png","datePublished":"2021-01-16T20:00:40+00:00","dateModified":"2024-05-30T05:19:27+00:00","breadcrumb":{"@id":"https:\/\/www.kidia.fi\/maksutavat\/#breadcrumb"},"inLanguage":"en-US","potentialAction":[{"@type":"ReadAction","target":["https:\/\/www.kidia.fi\/maksutavat\/"]}]},{"@type":"ImageObject","inLanguage":"en-US","@id":"https:\/\/www.kidia.fi\/maksutavat\/#primaryimage","url":"https:\/\/www.kidia.fi\/wp-content\/uploads\/2024\/01\/visma-pay-2-1024x50.png","contentUrl":"https:\/\/www.kidia.fi\/wp-content\/uploads\/2024\/01\/visma-pay-2-1024x50.png"},{"@type":"BreadcrumbList","@id":"https:\/\/www.kidia.fi\/maksutavat\/#breadcrumb","itemListElement":[{"@type":"ListItem","position":1,"name":"Etusivu","item":"https:\/\/www.kidia.fi\/"},{"@type":"ListItem","position":2,"name":"Maksutavat"}]},{"@type":"WebSite","@id":"https:\/\/www.kidia.fi\/#website","url":"https:\/\/www.kidia.fi\/","name":"Kidia second hand","description":"Easy recycling","publisher":{"@id":"https:\/\/www.kidia.fi\/#organization"},"potentialAction":[{"@type":"SearchAction","target":{"@type":"EntryPoint","urlTemplate":"https:\/\/www.kidia.fi\/?s={search_term_string}"},"query-input":{"@type":"PropertyValueSpecification","valueRequired":true,"valueName":"search_term_string"}}],"inLanguage":"en-US"},{"@type":"Organization","@id":"https:\/\/www.kidia.fi\/#organization","name":"Kidia second hand","url":"https:\/\/www.kidia.fi\/","logo":{"@type":"ImageObject","inLanguage":"en-US","@id":"https:\/\/www.kidia.fi\/#\/schema\/logo\/image\/","url":"https:\/\/www.kidia.fi\/wp-content\/uploads\/2024\/01\/cropped-kidia-logo-180x60-2.png","contentUrl":"https:\/\/www.kidia.fi\/wp-content\/uploads\/2024\/01\/cropped-kidia-logo-180x60-2.png","width":175,"height":43,"caption":"Kidia second hand"},"image":{"@id":"https:\/\/www.kidia.fi\/#\/schema\/logo\/image\/"}}]}},"_links":{"self":[{"href":"https:\/\/www.kidia.fi\/en\/wp-json\/wp\/v2\/pages\/6901","targetHints":{"allow":["GET"]}}],"collection":[{"href":"https:\/\/www.kidia.fi\/en\/wp-json\/wp\/v2\/pages"}],"about":[{"href":"https:\/\/www.kidia.fi\/en\/wp-json\/wp\/v2\/types\/page"}],"author":[{"embeddable":true,"href":"https:\/\/www.kidia.fi\/en\/wp-json\/wp\/v2\/users\/1"}],"replies":[{"embeddable":true,"href":"https:\/\/www.kidia.fi\/en\/wp-json\/wp\/v2\/comments?post=6901"}],"version-history":[{"count":0,"href":"https:\/\/www.kidia.fi\/en\/wp-json\/wp\/v2\/pages\/6901\/revisions"}],"wp:attachment":[{"href":"https:\/\/www.kidia.fi\/en\/wp-json\/wp\/v2\/media?parent=6901"}],"curies":[{"name":"wp","href":"https:\/\/api.w.org\/{rel}","templated":true}]}}