{"id":3,"date":"2020-02-22T15:54:53","date_gmt":"2020-02-22T13:54:53","guid":{"rendered":"http:\/\/www.testiwebhotelli.fi\/?page_id=3"},"modified":"2021-01-27T14:56:58","modified_gmt":"2021-01-27T12:56:58","slug":"privacy-policy","status":"publish","type":"page","link":"https:\/\/www.kidia.fi\/en\/privacy-policy\/","title":{"rendered":"Privacy policy"},"content":{"rendered":"<p>This Privacy Policy describes what information Kidia Ltd collects about its customers and the purposes for which this information is used. It also explains how long we keep the data collected, what we use cookies for and the rights of the customer under data protection legislation in relation to the data collected.<\/p>\n\n\n\n<p>This Privacy Policy applies to you if you visit our website or are a customer of our online store. We consider you to be a customer of our online shop if you have placed an order in our online shop or subscribed to our newsletter.<\/p>\n\n\n\n<p>Our website may contain links to third party websites. This Privacy Policy does not apply to those sites; if you access a third party site through us, we recommend that you read the privacy policy of that third party.<\/p>\n\n\n\n<div style=\"height:30px\" aria-hidden=\"true\" class=\"wp-block-spacer\"><\/div>\n\n\n\n<h3 class=\"wp-block-heading\">Data controller and its contact details<\/h3>\n\n\n\n<div style=\"height:30px\" aria-hidden=\"true\" class=\"wp-block-spacer\"><\/div>\n\n\n\n<p>Kidia Oy (business ID: 3183750-8)<br>Linnanrakentajantie 2<br>00880 Helsinki<br>info@kidia.fi <br>040 197 1800 (during store opening hours)<\/p>\n\n\n\n<div style=\"height:30px\" aria-hidden=\"true\" class=\"wp-block-spacer\"><\/div>\n\n\n\n<h3 class=\"wp-block-heading\">What information is collected about me?<\/h3>\n\n\n\n<div style=\"height:30px\" aria-hidden=\"true\" class=\"wp-block-spacer\"><\/div>\n\n\n\n<p>When you visit our website, we collect information about your terminal device, the type of connection you use and statistics about your visit to our site. The collection of this information ensures the operation and security of our site.<\/p>\n\n\n\n<p>When you place an order, we collect information relevant to the order. We record the following customer information: first name, last name, street address, postal code, postal town, country, e-mail address, telephone number, language used at the time of the transaction, currency used at the time of the transaction.<\/p>\n\n\n\n<p>In addition, the information provided by the customer in connection with the order, such as the product content of the order, the method of payment and the delivery method, is stored in the order information of the online store.<\/p>\n\n\n\n<p>When you are a seller in a Kidia second hand store, your data is also stored in a third party service. We recommend that you check out this service (<a href=\"https:\/\/www.kirpparikalle.net\/sovellus\/rpc.php?request=html_legaltext&amp;text=privacypolicy\">Kirppari-Kalle<\/a> online service) to the contents of the privacy statement and the customer data it collects in advance.<\/p>\n\n\n\n<div style=\"height:30px\" aria-hidden=\"true\" class=\"wp-block-spacer\"><\/div>\n\n\n\n<h3 class=\"wp-block-heading\">What is personal data used for?<\/h3>\n\n\n\n<div style=\"height:30px\" aria-hidden=\"true\" class=\"wp-block-spacer\"><\/div>\n\n\n\n<p>Personal data is used to<\/p>\n\n\n\n<ul class=\"wp-block-list\"><li>customer relationship management<\/li><li>to provide a smooth and efficient service<\/li><li>order delivery and processing, and archiving<\/li><li>for statistical purposes<\/li><li>for marketing purposes.<\/li><\/ul>\n\n\n\n<p>The legal basis for processing personal data is a contract, the consent of the customer or the legitimate interest of the company and its representatives. <\/p>\n\n\n\n<div style=\"height:30px\" aria-hidden=\"true\" class=\"wp-block-spacer\"><\/div>\n\n\n\n<h3 class=\"wp-block-heading\">How long will my personal data be kept?<\/h3>\n\n\n\n<div style=\"height:30px\" aria-hidden=\"true\" class=\"wp-block-spacer\"><\/div>\n\n\n\n<p>We will keep your personal data for as long as necessary to fulfil the purposes for which the register is used. Inactive customer data will be deleted from our system after five years from the date of last activity. In addition, some data may be retained longer to the extent necessary to meet legal obligations, such as record keeping and consumer responsibilities.<\/p>\n\n\n\n<div style=\"height:30px\" aria-hidden=\"true\" class=\"wp-block-spacer\"><\/div>\n\n\n\n<h3 class=\"wp-block-heading\">Who can process my data?<\/h3>\n\n\n\n<div style=\"height:30px\" aria-hidden=\"true\" class=\"wp-block-spacer\"><\/div>\n\n\n\n<p><a href=\"https:\/\/www.kidia.fi\/en\/\">Kidian<\/a> information collected through the website is processed only by Kidia Oy staff, in strict compliance with the obligation of confidentiality. The data will be carefully stored and the data processed by the information systems will be adequately protected. When register data are stored on Internet servers, the physical and digital security of their hardware is adequately ensured. The controller shall ensure that stored data, as well as access rights to servers and other information critical to the security of personal data, are treated confidentially and only by employees whose job description includes this.<\/p>\n\n\n\n<div style=\"height:30px\" aria-hidden=\"true\" class=\"wp-block-spacer\"><\/div>\n\n\n\n<h3 class=\"wp-block-heading\">Disclosure of data to third parties<\/h3>\n\n\n\n<div style=\"height:30px\" aria-hidden=\"true\" class=\"wp-block-spacer\"><\/div>\n\n\n\n<p>We disclose personal data to our logistics and payment service partners in order to enable our business. All data transfer takes place over encrypted connections. We will always ensure that the information we transfer to service providers is limited to that which is necessary for the purpose for which it is used. We also ensure through contractual arrangements that the service providers we use process your data in the manner required by data protection legislation and otherwise as set out in this Privacy Policy.<\/p>\n\n\n\n<div style=\"height:30px\" aria-hidden=\"true\" class=\"wp-block-spacer\"><\/div>\n\n\n\n<h3 class=\"wp-block-heading\">Customer rights<\/h3>\n\n\n\n<div style=\"height:30px\" aria-hidden=\"true\" class=\"wp-block-spacer\"><\/div>\n\n\n\n<p>As a customer, you have the following rights:<\/p>\n\n\n\n<ul class=\"wp-block-list\"><li>Right of review<\/li><li>Right of rectification<\/li><li>Right to withdraw consent<\/li><li>Right of withdrawal<\/li><\/ul>\n\n\n\n<div style=\"height:30px\" aria-hidden=\"true\" class=\"wp-block-spacer\"><\/div>\n\n\n\n<h3 class=\"wp-block-heading\">How can you check your own details?<\/h3>\n\n\n\n<div style=\"height:30px\" aria-hidden=\"true\" class=\"wp-block-spacer\"><\/div>\n\n\n\n<p>You have the right to check what information about you is stored in our systems and to obtain a copy of that information. Please contact us if you would like a summary of your personal data. If you wish, we may edit the information we hold about you. You can contact us if you would like us to edit your information. If you do not wish to receive direct marketing communications from us, you can notify us at any time by contacting us.<\/p>\n\n\n\n<div style=\"height:30px\" aria-hidden=\"true\" class=\"wp-block-spacer\"><\/div>\n\n\n\n<h3 class=\"wp-block-heading\">What are cookies and why do we use them?<\/h3>\n\n\n\n<div style=\"height:30px\" aria-hidden=\"true\" class=\"wp-block-spacer\"><\/div>\n\n\n\n<p>Kidia Oy's website uses cookies (\"cookies\"). Cookies are small text files between your browser and the server on your terminal device that we use to collect information about users of our website. Cookies allow us to track how our website is used, i.e. when and which pages our customers browse.<br>Cookies and related analytics enable us to provide the best possible service and improve the customer experience. In other words, we use cookies to run our business and personalise the customer experience.<\/p>\n\n\n\n<p>The information collected through cookies can be used for targeted marketing (so-called retargeting). Retargeting marketing also allows you to encounter products and advertisements on other websites, such as Facebook, that are related to your behaviour in online stores. As a result, you are very likely to come across products that you have previously explored in Facebook and Google search results. Kidia does not disclose this collected information for third party marketing purposes.<\/p>\n\n\n\n<p>The information obtained through cookies is anonymous, but it is possible to link the information obtained through the cookie to personal information obtained from the customer (when the identifier contains information that can be targeted to the customer, such as an IP address). In addition, cookies are used for purposes such as customer identification, login and shopping cart functions. For example, if you have previously added a product to your shopping cart, the cookie may allow the product to appear in your shopping cart on your next visit.<\/p>\n\n\n\n<p>We use Google Analytics, Google Tag Manager and Google AdWords to analyse the use of our website and, with your consent, to target marketing. The information sent to Google is anonymised.<\/p>\n\n\n\n<p>Please note that your visit to our website will only enable cookies if your browser allows it. You can disable cookies in your browser if you wish. Cookies and other identifiers have a set expiry date after which the browser will delete the identifier (usually one month). Cookies are reloaded each time you visit our website. Acceptance of cookies and their use is mandatory.<\/p>\n\n\n\n<p>This Privacy Policy will be updated regularly. Last updated on 26.1.2021.<\/p>\n\n\n\n<div style=\"height:30px\" aria-hidden=\"true\" class=\"wp-block-spacer\"><\/div>","protected":false},"excerpt":{"rendered":"<p>T\u00e4m\u00e4 tietosuojaseloste kuvailee, mit\u00e4 tietoja Kidia Oy ker\u00e4\u00e4 asiakkaistaan ja mihin tarkoitukseen n\u00e4it\u00e4 tietoja k\u00e4ytet\u00e4\u00e4n. Lis\u00e4ksi kerromme, kuinka kauan s\u00e4ilyt\u00e4mme ker\u00e4tty\u00e4 tietoa, mihin k\u00e4yt\u00e4mme ev\u00e4steit\u00e4 sek\u00e4 asiakkaan tietolains\u00e4\u00e4d\u00e4nn\u00f6n mukaiset oikeudet ker\u00e4tyn tiedon suhteen. T\u00e4m\u00e4 tietosuojaseloste koskee sinua, jos vierailet sivustollamme tai olet verkkokauppamme asiakas. Verkkokaupan asiakkaaksi katsomme sinut, mik\u00e4li olet tehnyt tilauksen verkkokaupastamme tai tilannut [&hellip;]<\/p>\n","protected":false},"author":1,"featured_media":0,"parent":0,"menu_order":0,"comment_status":"closed","ping_status":"open","template":"","meta":{"site-sidebar-layout":"default","site-content-layout":"default","ast-site-content-layout":"default","site-content-style":"default","site-sidebar-style":"default","ast-global-header-display":"","ast-banner-title-visibility":"","ast-main-header-display":"","ast-hfb-above-header-display":"","ast-hfb-below-header-display":"","ast-hfb-mobile-header-display":"","site-post-title":"","ast-breadcrumbs-content":"","ast-featured-img":"","footer-sml-layout":"","ast-disable-related-posts":"","theme-transparent-header-meta":"default","adv-header-id-meta":"","stick-header-meta":"","header-above-stick-meta":"","header-main-stick-meta":"","header-below-stick-meta":"","astra-migrate-meta-layouts":"default","ast-page-background-enabled":"default","ast-page-background-meta":{"desktop":{"background-color":"var(--ast-global-color-4)","background-image":"","background-repeat":"repeat","background-position":"center center","background-size":"auto","background-attachment":"scroll","background-type":"","background-media":"","overlay-type":"","overlay-color":"","overlay-opacity":"","overlay-gradient":""},"tablet":{"background-color":"","background-image":"","background-repeat":"repeat","background-position":"center center","background-size":"auto","background-attachment":"scroll","background-type":"","background-media":"","overlay-type":"","overlay-color":"","overlay-opacity":"","overlay-gradient":""},"mobile":{"background-color":"","background-image":"","background-repeat":"repeat","background-position":"center center","background-size":"auto","background-attachment":"scroll","background-type":"","background-media":"","overlay-type":"","overlay-color":"","overlay-opacity":"","overlay-gradient":""}},"ast-content-background-meta":{"desktop":{"background-color":"var(--ast-global-color-5)","background-image":"","background-repeat":"repeat","background-position":"center center","background-size":"auto","background-attachment":"scroll","background-type":"","background-media":"","overlay-type":"","overlay-color":"","overlay-opacity":"","overlay-gradient":""},"tablet":{"background-color":"var(--ast-global-color-5)","background-image":"","background-repeat":"repeat","background-position":"center center","background-size":"auto","background-attachment":"scroll","background-type":"","background-media":"","overlay-type":"","overlay-color":"","overlay-opacity":"","overlay-gradient":""},"mobile":{"background-color":"var(--ast-global-color-5)","background-image":"","background-repeat":"repeat","background-position":"center center","background-size":"auto","background-attachment":"scroll","background-type":"","background-media":"","overlay-type":"","overlay-color":"","overlay-opacity":"","overlay-gradient":""}},"footnotes":""},"class_list":["post-3","page","type-page","status-publish","hentry"],"yoast_head":"<!-- This site is optimized with the Yoast SEO Premium plugin v27.5 (Yoast SEO v27.5) - https:\/\/yoast.com\/product\/yoast-seo-premium-wordpress\/ -->\n<title>Tietosuojaseloste - Kidia second hand<\/title>\n<meta name=\"description\" content=\"T\u00e4m\u00e4 tietosuojaseloste kuvailee Kidia lastenvaatekirpparin asiakastietojen k\u00e4sittely\u00e4 sek\u00e4 asiakasrekisterin s\u00e4ilytyst\u00e4. Lue lis\u00e4\u00e4 Kidiasta\" \/>\n<meta name=\"robots\" content=\"index, follow, max-snippet:-1, max-image-preview:large, max-video-preview:-1\" \/>\n<link rel=\"canonical\" href=\"https:\/\/www.kidia.fi\/en\/privacy-policy\/\" \/>\n<meta property=\"og:locale\" content=\"en_US\" \/>\n<meta property=\"og:type\" content=\"article\" \/>\n<meta property=\"og:title\" content=\"Tietosuojaseloste\" \/>\n<meta property=\"og:description\" content=\"T\u00e4m\u00e4 tietosuojaseloste kuvailee Kidia lastenvaatekirpparin asiakastietojen k\u00e4sittely\u00e4 sek\u00e4 asiakasrekisterin s\u00e4ilytyst\u00e4. Lue lis\u00e4\u00e4 Kidiasta\" \/>\n<meta property=\"og:url\" content=\"https:\/\/www.kidia.fi\/en\/privacy-policy\/\" \/>\n<meta property=\"og:site_name\" content=\"Kidia second hand\" \/>\n<meta property=\"article:modified_time\" content=\"2021-01-27T12:56:58+00:00\" \/>\n<meta name=\"twitter:card\" content=\"summary_large_image\" \/>\n<meta name=\"twitter:label1\" content=\"Est. reading time\" \/>\n\t<meta name=\"twitter:data1\" content=\"4 minutes\" \/>\n<script type=\"application\/ld+json\" class=\"yoast-schema-graph\">{\"@context\":\"https:\\\/\\\/schema.org\",\"@graph\":[{\"@type\":\"WebPage\",\"@id\":\"https:\\\/\\\/www.kidia.fi\\\/tietosuojaseloste\\\/\",\"url\":\"https:\\\/\\\/www.kidia.fi\\\/tietosuojaseloste\\\/\",\"name\":\"Tietosuojaseloste - Kidia second hand\",\"isPartOf\":{\"@id\":\"https:\\\/\\\/www.kidia.fi\\\/#website\"},\"datePublished\":\"2020-02-22T13:54:53+00:00\",\"dateModified\":\"2021-01-27T12:56:58+00:00\",\"description\":\"T\u00e4m\u00e4 tietosuojaseloste kuvailee Kidia lastenvaatekirpparin asiakastietojen k\u00e4sittely\u00e4 sek\u00e4 asiakasrekisterin s\u00e4ilytyst\u00e4. Lue lis\u00e4\u00e4 Kidiasta\",\"breadcrumb\":{\"@id\":\"https:\\\/\\\/www.kidia.fi\\\/tietosuojaseloste\\\/#breadcrumb\"},\"inLanguage\":\"en-US\",\"potentialAction\":[{\"@type\":\"ReadAction\",\"target\":[\"https:\\\/\\\/www.kidia.fi\\\/tietosuojaseloste\\\/\"]}]},{\"@type\":\"BreadcrumbList\",\"@id\":\"https:\\\/\\\/www.kidia.fi\\\/tietosuojaseloste\\\/#breadcrumb\",\"itemListElement\":[{\"@type\":\"ListItem\",\"position\":1,\"name\":\"Etusivu\",\"item\":\"https:\\\/\\\/www.kidia.fi\\\/\"},{\"@type\":\"ListItem\",\"position\":2,\"name\":\"Tietosuojaseloste\"}]},{\"@type\":\"WebSite\",\"@id\":\"https:\\\/\\\/www.kidia.fi\\\/#website\",\"url\":\"https:\\\/\\\/www.kidia.fi\\\/\",\"name\":\"Kidia second hand\",\"description\":\"Helppoa kierr\u00e4tyst\u00e4 \",\"publisher\":{\"@id\":\"https:\\\/\\\/www.kidia.fi\\\/#organization\"},\"potentialAction\":[{\"@type\":\"SearchAction\",\"target\":{\"@type\":\"EntryPoint\",\"urlTemplate\":\"https:\\\/\\\/www.kidia.fi\\\/?s={search_term_string}\"},\"query-input\":{\"@type\":\"PropertyValueSpecification\",\"valueRequired\":true,\"valueName\":\"search_term_string\"}}],\"inLanguage\":\"en-US\"},{\"@type\":\"Organization\",\"@id\":\"https:\\\/\\\/www.kidia.fi\\\/#organization\",\"name\":\"Kidia second hand\",\"url\":\"https:\\\/\\\/www.kidia.fi\\\/\",\"logo\":{\"@type\":\"ImageObject\",\"inLanguage\":\"en-US\",\"@id\":\"https:\\\/\\\/www.kidia.fi\\\/#\\\/schema\\\/logo\\\/image\\\/\",\"url\":\"https:\\\/\\\/www.kidia.fi\\\/wp-content\\\/uploads\\\/2024\\\/01\\\/cropped-kidia-logo-180x60-2.png\",\"contentUrl\":\"https:\\\/\\\/www.kidia.fi\\\/wp-content\\\/uploads\\\/2024\\\/01\\\/cropped-kidia-logo-180x60-2.png\",\"width\":175,\"height\":43,\"caption\":\"Kidia second hand\"},\"image\":{\"@id\":\"https:\\\/\\\/www.kidia.fi\\\/#\\\/schema\\\/logo\\\/image\\\/\"}}]}<\/script>\n<!-- \/ Yoast SEO Premium plugin. -->","yoast_head_json":{"title":"Privacy Policy - Kidia second hand","description":"This Privacy Policy describes Kidia Children's Clothing Store's processing of customer data and the storage of customer records. Read more about Kidia","robots":{"index":"index","follow":"follow","max-snippet":"max-snippet:-1","max-image-preview":"max-image-preview:large","max-video-preview":"max-video-preview:-1"},"canonical":"https:\/\/www.kidia.fi\/en\/privacy-policy\/","og_locale":"en_US","og_type":"article","og_title":"Tietosuojaseloste","og_description":"T\u00e4m\u00e4 tietosuojaseloste kuvailee Kidia lastenvaatekirpparin asiakastietojen k\u00e4sittely\u00e4 sek\u00e4 asiakasrekisterin s\u00e4ilytyst\u00e4. Lue lis\u00e4\u00e4 Kidiasta","og_url":"https:\/\/www.kidia.fi\/en\/privacy-policy\/","og_site_name":"Kidia second hand","article_modified_time":"2021-01-27T12:56:58+00:00","twitter_card":"summary_large_image","twitter_misc":{"Est. reading time":"4 minutes"},"schema":{"@context":"https:\/\/schema.org","@graph":[{"@type":"WebPage","@id":"https:\/\/www.kidia.fi\/tietosuojaseloste\/","url":"https:\/\/www.kidia.fi\/tietosuojaseloste\/","name":"Privacy Policy - Kidia second hand","isPartOf":{"@id":"https:\/\/www.kidia.fi\/#website"},"datePublished":"2020-02-22T13:54:53+00:00","dateModified":"2021-01-27T12:56:58+00:00","description":"This Privacy Policy describes Kidia Children's Clothing Store's processing of customer data and the storage of customer records. Read more about Kidia","breadcrumb":{"@id":"https:\/\/www.kidia.fi\/tietosuojaseloste\/#breadcrumb"},"inLanguage":"en-US","potentialAction":[{"@type":"ReadAction","target":["https:\/\/www.kidia.fi\/tietosuojaseloste\/"]}]},{"@type":"BreadcrumbList","@id":"https:\/\/www.kidia.fi\/tietosuojaseloste\/#breadcrumb","itemListElement":[{"@type":"ListItem","position":1,"name":"Etusivu","item":"https:\/\/www.kidia.fi\/"},{"@type":"ListItem","position":2,"name":"Tietosuojaseloste"}]},{"@type":"WebSite","@id":"https:\/\/www.kidia.fi\/#website","url":"https:\/\/www.kidia.fi\/","name":"Kidia second hand","description":"Easy recycling","publisher":{"@id":"https:\/\/www.kidia.fi\/#organization"},"potentialAction":[{"@type":"SearchAction","target":{"@type":"EntryPoint","urlTemplate":"https:\/\/www.kidia.fi\/?s={search_term_string}"},"query-input":{"@type":"PropertyValueSpecification","valueRequired":true,"valueName":"search_term_string"}}],"inLanguage":"en-US"},{"@type":"Organization","@id":"https:\/\/www.kidia.fi\/#organization","name":"Kidia second hand","url":"https:\/\/www.kidia.fi\/","logo":{"@type":"ImageObject","inLanguage":"en-US","@id":"https:\/\/www.kidia.fi\/#\/schema\/logo\/image\/","url":"https:\/\/www.kidia.fi\/wp-content\/uploads\/2024\/01\/cropped-kidia-logo-180x60-2.png","contentUrl":"https:\/\/www.kidia.fi\/wp-content\/uploads\/2024\/01\/cropped-kidia-logo-180x60-2.png","width":175,"height":43,"caption":"Kidia second hand"},"image":{"@id":"https:\/\/www.kidia.fi\/#\/schema\/logo\/image\/"}}]}},"_links":{"self":[{"href":"https:\/\/www.kidia.fi\/en\/wp-json\/wp\/v2\/pages\/3","targetHints":{"allow":["GET"]}}],"collection":[{"href":"https:\/\/www.kidia.fi\/en\/wp-json\/wp\/v2\/pages"}],"about":[{"href":"https:\/\/www.kidia.fi\/en\/wp-json\/wp\/v2\/types\/page"}],"author":[{"embeddable":true,"href":"https:\/\/www.kidia.fi\/en\/wp-json\/wp\/v2\/users\/1"}],"replies":[{"embeddable":true,"href":"https:\/\/www.kidia.fi\/en\/wp-json\/wp\/v2\/comments?post=3"}],"version-history":[{"count":0,"href":"https:\/\/www.kidia.fi\/en\/wp-json\/wp\/v2\/pages\/3\/revisions"}],"wp:attachment":[{"href":"https:\/\/www.kidia.fi\/en\/wp-json\/wp\/v2\/media?parent=3"}],"curies":[{"name":"wp","href":"https:\/\/api.w.org\/{rel}","templated":true}]}}